{"id":24,"date":"2022-03-04T09:04:31","date_gmt":"2022-03-04T08:04:31","guid":{"rendered":"http:\/\/bqrcsyb.cluster031.hosting.ovh.net\/?page_id=24"},"modified":"2026-01-16T13:34:22","modified_gmt":"2026-01-16T12:34:22","slug":"faq","status":"publish","type":"page","link":"http:\/\/www.ria-agesso-caen.com\/index.php\/faq\/","title":{"rendered":"FAQ"},"content":{"rendered":"\n<h4><a href=\"http:\/\/www.ria-agesso-caen.com\/faq\/#008e3ce33398eb4bf\"><strong>Je suis de passage sur Caen pour une journ\u00e9e et je n\u2019ai pas de convention avec l\u2019Agesso. Puis-je venir d\u00e9jeuner ?<\/strong><\/a><strong><\/strong><\/h4>\n\n\n\n<p>Le RIA peut accueillir ponctuellement des visiteurs, au tarif ext\u00e9rieurs (droit d&rsquo;entr\u00e9e \u00e0 1,85 euros puis tarification au plat).<\/p>\n\n\n\n<h4><a href=\"http:\/\/www.ria-agesso-caen.com\/faq\/#e14a1e9bee03fee1c\"><strong>Est-il possible de payer en caisse avec la carte bancaire ?<\/strong><\/a><strong><\/strong><\/h4>\n\n\n\n<p>Oui, les caisses sont \u00e9quip\u00e9es de lecteur carte bancaire, classique ou sans contact. <\/p>\n\n\n\n<h4><a href=\"http:\/\/www.ria-agesso-caen.com\/faq\/#1509c56b1451750ac\"><strong>J\u2019ai un badge Agesso. Puis-je inviter quelqu\u2019un \u00e0 d\u00e9jeuner ?<\/strong><\/a><\/h4>\n\n\n\n<p>Oui, pour cela vous pouvez demander un badge d\u2019acc\u00e8s ext\u00e9rieurs \u00e0 l\u2019accueil ou en caisse (droit d&rsquo;entr\u00e9e \u00e0 1,85 euros)<\/p>\n\n\n\n<p><a href=\"http:\/\/www.ria-agesso-caen.com\/faq\/#e6125afc265f770f3\"><strong>Je quitte la r\u00e9gion, puis-je r\u00e9cup\u00e9rer le solde restant sur mon badge ?<\/strong><\/a><strong><\/strong><\/p>\n\n\n\n<p>Oui, apr\u00e8s votre dernier passage, la charg\u00e9e d&rsquo;accueil de l\u2019Agesso proc\u00e8dera au remboursement en esp\u00e8ces.<\/p>\n\n\n\n<p><a href=\"http:\/\/www.ria-agesso-caen.com\/faq\/#f8e422ac28a489edd\"><strong>La cotisation (de 3\u20ac annuels) tombe \u2013t-elle toujours \u00e0 la date anniversaire de la carte ?<\/strong><\/a> <\/p>\n\n\n\n<p>Non, elle est d\u00e9bit\u00e9e sur votre badge \u00e0 la fin du mois apr\u00e8s votre premier passage en caisse de chaque ann\u00e9e civile.<\/p>\n\n\n\n<h5><a href=\"http:\/\/www.ria-agesso-caen.com\/index.php\/faq\/\" data-type=\"page\" data-id=\"24\">Comment se d\u00e9compose le prix du plateau? <\/a> <\/h5>\n\n\n\n<ul>\n<li>Le(s) plat(s) au prix coutant<\/li>\n\n\n\n<li>Des frais de gestion de 3,93\u20ac*<\/li>\n\n\n\n<li>Des droits d&rsquo;entr\u00e9e pour les ext\u00e9rieurs de 1,85\u20ac<\/li>\n<\/ul>\n\n\n\n<p>(*qui couvrent la masse salariale, les v\u00eatements professionnels&#8230;) <\/p>\n","protected":false},"excerpt":{"rendered":"<p>Je suis de passage sur Caen pour une journ\u00e9e et je n\u2019ai pas de convention avec l\u2019Agesso. Puis-je venir d\u00e9jeuner ? Le RIA peut accueillir ponctuellement des visiteurs, au tarif ext\u00e9rieurs (droit d&rsquo;entr\u00e9e \u00e0 1,85 euros puis tarification au plat). Est-il possible de payer en caisse avec la carte bancaire ? Oui, les caisses sont [&hellip;]<\/p>\n","protected":false},"author":1,"featured_media":0,"parent":0,"menu_order":5,"comment_status":"closed","ping_status":"closed","template":"","meta":[],"_links":{"self":[{"href":"http:\/\/www.ria-agesso-caen.com\/index.php\/wp-json\/wp\/v2\/pages\/24"}],"collection":[{"href":"http:\/\/www.ria-agesso-caen.com\/index.php\/wp-json\/wp\/v2\/pages"}],"about":[{"href":"http:\/\/www.ria-agesso-caen.com\/index.php\/wp-json\/wp\/v2\/types\/page"}],"author":[{"embeddable":true,"href":"http:\/\/www.ria-agesso-caen.com\/index.php\/wp-json\/wp\/v2\/users\/1"}],"replies":[{"embeddable":true,"href":"http:\/\/www.ria-agesso-caen.com\/index.php\/wp-json\/wp\/v2\/comments?post=24"}],"version-history":[{"count":8,"href":"http:\/\/www.ria-agesso-caen.com\/index.php\/wp-json\/wp\/v2\/pages\/24\/revisions"}],"predecessor-version":[{"id":1377,"href":"http:\/\/www.ria-agesso-caen.com\/index.php\/wp-json\/wp\/v2\/pages\/24\/revisions\/1377"}],"wp:attachment":[{"href":"http:\/\/www.ria-agesso-caen.com\/index.php\/wp-json\/wp\/v2\/media?parent=24"}],"curies":[{"name":"wp","href":"https:\/\/api.w.org\/{rel}","templated":true}]}}